{"id":824,"date":"2026-01-05T09:43:28","date_gmt":"2026-01-05T08:43:28","guid":{"rendered":"https:\/\/capunipharm.com\/?page_id=824"},"modified":"2026-01-26T10:09:02","modified_gmt":"2026-01-26T09:09:02","slug":"label-icipharma","status":"publish","type":"page","link":"https:\/\/capunipharm.com\/?page_id=824","title":{"rendered":"Label icipharma"},"content":{"rendered":"\t\t<div data-elementor-type=\"wp-page\" data-elementor-id=\"824\" class=\"elementor elementor-824\">\n\t\t\t\t<div class=\"elementor-element elementor-element-4bfd8400 e-flex e-con-boxed e-con e-parent\" data-id=\"4bfd8400\" data-element_type=\"container\">\n\t\t\t\t\t<div class=\"e-con-inner\">\n\t\t<div class=\"elementor-element elementor-element-4ffda8c e-grid e-con-full e-con e-child\" data-id=\"4ffda8c\" data-element_type=\"container\">\n\t\t\t\t<div class=\"elementor-element elementor-element-e0b3c2d elementor-widget elementor-widget-image\" data-id=\"e0b3c2d\" data-element_type=\"widget\" data-widget_type=\"image.default\">\n\t\t\t\t\t\t\t\t\t\t\t\t\t\t\t<img fetchpriority=\"high\" decoding=\"async\" width=\"646\" height=\"686\" src=\"https:\/\/capunipharm.com\/wp-content\/uploads\/2025\/12\/COEUR-SLOGAN-1.png\" class=\"attachment-large size-large wp-image-760\" alt=\"\" srcset=\"https:\/\/capunipharm.com\/wp-content\/uploads\/2025\/12\/COEUR-SLOGAN-1.png 646w, https:\/\/capunipharm.com\/wp-content\/uploads\/2025\/12\/COEUR-SLOGAN-1-283x300.png 283w\" sizes=\"(max-width: 646px) 100vw, 646px\" \/>\t\t\t\t\t\t\t\t\t\t\t\t\t\t\t<\/div>\n\t\t\t\t<div class=\"elementor-element elementor-element-3e596da elementor-widget elementor-widget-heading\" data-id=\"3e596da\" data-element_type=\"widget\" data-widget_type=\"heading.default\">\n\t\t\t\t\t<h2 class=\"elementor-heading-title elementor-size-default\">LE LABEL D'EXCELLENCE <br>DE LA PHARMACIE <br>DE PROXIMIT\u00c9 DU SUD-OUEST<\/h2>\t\t\t\t<\/div>\n\t\t\t\t<div class=\"elementor-element elementor-element-f5237f9 elementor-widget elementor-widget-image\" data-id=\"f5237f9\" data-element_type=\"widget\" data-widget_type=\"image.default\">\n\t\t\t\t\t\t\t\t\t\t\t\t\t\t\t<img fetchpriority=\"high\" decoding=\"async\" width=\"646\" height=\"686\" src=\"https:\/\/capunipharm.com\/wp-content\/uploads\/2025\/12\/COEUR-SLOGAN-1.png\" class=\"attachment-large size-large wp-image-760\" alt=\"\" srcset=\"https:\/\/capunipharm.com\/wp-content\/uploads\/2025\/12\/COEUR-SLOGAN-1.png 646w, https:\/\/capunipharm.com\/wp-content\/uploads\/2025\/12\/COEUR-SLOGAN-1-283x300.png 283w\" sizes=\"(max-width: 646px) 100vw, 646px\" \/>\t\t\t\t\t\t\t\t\t\t\t\t\t\t\t<\/div>\n\t\t\t\t<\/div>\n\t\t\t\t<div class=\"elementor-element elementor-element-15e80e6b elementor-widget elementor-widget-text-editor\" data-id=\"15e80e6b\" data-element_type=\"widget\" data-widget_type=\"text-editor.default\">\n\t\t\t\t\t\t\t\t\t\n<p>\u00a0<\/p>\n\t\t\t\t\t\t\t\t<\/div>\n\t\t\t\t\t<\/div>\n\t\t\t\t<\/div>\n\t\t<div class=\"elementor-element elementor-element-133c9dc e-flex e-con-boxed e-con e-parent\" data-id=\"133c9dc\" data-element_type=\"container\">\n\t\t\t\t\t<div class=\"e-con-inner\">\n\t\t\t\t<div class=\"elementor-element elementor-element-3094b11 elementor-widget elementor-widget-heading\" data-id=\"3094b11\" data-element_type=\"widget\" data-widget_type=\"heading.default\">\n\t\t\t\t\t<h2 class=\"elementor-heading-title elementor-size-default\">NOTRE VISION DU MARCH\u00c9 : <\/h2>\t\t\t\t<\/div>\n\t\t\t\t<div class=\"elementor-element elementor-element-7a64093 elementor-widget elementor-widget-heading\" data-id=\"7a64093\" data-element_type=\"widget\" data-widget_type=\"heading.default\">\n\t\t\t\t\t<h2 class=\"elementor-heading-title elementor-size-default\">Avec la mont\u00e9e en puissance de la concurrence du discount et le recul des marges, les nouvelles g\u00e9n\u00e9rations de pharmaciens choisissent de se r\u00e9inventer et de faire aux patients une contre proposition de qualit\u00e9.<\/h2>\t\t\t\t<\/div>\n\t\t\t\t\t<\/div>\n\t\t\t\t<\/div>\n\t\t<div class=\"elementor-element elementor-element-d6edba5 e-flex e-con-boxed e-con e-parent\" data-id=\"d6edba5\" data-element_type=\"container\">\n\t\t\t\t\t<div class=\"e-con-inner\">\n\t\t\t\t<div class=\"elementor-element elementor-element-993d9d3 elementor-widget elementor-widget-heading\" data-id=\"993d9d3\" data-element_type=\"widget\" data-widget_type=\"heading.default\">\n\t\t\t\t\t<h2 class=\"elementor-heading-title elementor-size-default\">NOTRE AMBITION : <\/h2>\t\t\t\t<\/div>\n\t\t\t\t<div class=\"elementor-element elementor-element-4d87495 elementor-widget elementor-widget-heading\" data-id=\"4d87495\" data-element_type=\"widget\" data-widget_type=\"heading.default\">\n\t\t\t\t\t<h2 class=\"elementor-heading-title elementor-size-default\"><b>\u00catre la pharmacie de proximit\u00e9 pr\u00e9f\u00e9r\u00e9e<\/b> des patients sur la zone de chalandise de chacune des officines du groupement.<br><br><b>\u00catre la locomotive d'un concept de qualit\u00e9 :<\/b> \u00eatre reconnu par les patients et les autres praticiens comme un vrai professionnel de sant\u00e9.<br><\/h2>\t\t\t\t<\/div>\n\t\t\t\t<div class=\"elementor-element elementor-element-4ac18dc elementor-widget elementor-widget-image\" data-id=\"4ac18dc\" data-element_type=\"widget\" data-widget_type=\"image.default\">\n\t\t\t\t\t\t\t\t\t\t\t\t\t\t\t<img decoding=\"async\" width=\"1024\" height=\"478\" src=\"https:\/\/capunipharm.com\/wp-content\/uploads\/2026\/01\/3-0-1024x478.png\" class=\"attachment-large size-large wp-image-935\" alt=\"\" srcset=\"https:\/\/capunipharm.com\/wp-content\/uploads\/2026\/01\/3-0-1024x478.png 1024w, https:\/\/capunipharm.com\/wp-content\/uploads\/2026\/01\/3-0-300x140.png 300w, https:\/\/capunipharm.com\/wp-content\/uploads\/2026\/01\/3-0-768x358.png 768w, https:\/\/capunipharm.com\/wp-content\/uploads\/2026\/01\/3-0.png 1134w\" sizes=\"(max-width: 1024px) 100vw, 1024px\" \/>\t\t\t\t\t\t\t\t\t\t\t\t\t\t\t<\/div>\n\t\t<div class=\"elementor-element elementor-element-eca0110 e-grid e-con-full e-con e-child\" data-id=\"eca0110\" data-element_type=\"container\">\n\t\t\t\t<div class=\"elementor-element elementor-element-93a7fd5 elementor-widget elementor-widget-image\" data-id=\"93a7fd5\" data-element_type=\"widget\" data-widget_type=\"image.default\">\n\t\t\t\t\t\t\t\t\t\t\t\t\t\t\t<img decoding=\"async\" width=\"457\" height=\"646\" src=\"https:\/\/capunipharm.com\/wp-content\/uploads\/2026\/01\/Nous-prenons-soin-de-vous.png\" class=\"attachment-large size-large wp-image-962\" alt=\"\" srcset=\"https:\/\/capunipharm.com\/wp-content\/uploads\/2026\/01\/Nous-prenons-soin-de-vous.png 457w, https:\/\/capunipharm.com\/wp-content\/uploads\/2026\/01\/Nous-prenons-soin-de-vous-212x300.png 212w\" sizes=\"(max-width: 457px) 100vw, 457px\" \/>\t\t\t\t\t\t\t\t\t\t\t\t\t\t\t<\/div>\n\t\t\t\t<div class=\"elementor-element elementor-element-7db900f elementor-widget elementor-widget-image\" data-id=\"7db900f\" data-element_type=\"widget\" data-widget_type=\"image.default\">\n\t\t\t\t\t\t\t\t\t\t\t\t\t\t\t<img loading=\"lazy\" decoding=\"async\" width=\"452\" height=\"626\" src=\"https:\/\/capunipharm.com\/wp-content\/uploads\/2026\/01\/Nous-vous-soignons-naturellement.png\" class=\"attachment-large size-large wp-image-963\" alt=\"\" srcset=\"https:\/\/capunipharm.com\/wp-content\/uploads\/2026\/01\/Nous-vous-soignons-naturellement.png 452w, https:\/\/capunipharm.com\/wp-content\/uploads\/2026\/01\/Nous-vous-soignons-naturellement-217x300.png 217w\" sizes=\"(max-width: 452px) 100vw, 452px\" \/>\t\t\t\t\t\t\t\t\t\t\t\t\t\t\t<\/div>\n\t\t\t\t<div class=\"elementor-element elementor-element-ed73387 elementor-widget elementor-widget-image\" data-id=\"ed73387\" data-element_type=\"widget\" data-widget_type=\"image.default\">\n\t\t\t\t\t\t\t\t\t\t\t\t\t\t\t<img loading=\"lazy\" decoding=\"async\" width=\"724\" height=\"1024\" src=\"https:\/\/capunipharm.com\/wp-content\/uploads\/2026\/01\/Green-White-Simple-Modern-Vaccination-Flyer-2-724x1024.png\" class=\"attachment-large size-large wp-image-983\" alt=\"\" srcset=\"https:\/\/capunipharm.com\/wp-content\/uploads\/2026\/01\/Green-White-Simple-Modern-Vaccination-Flyer-2-724x1024.png 724w, https:\/\/capunipharm.com\/wp-content\/uploads\/2026\/01\/Green-White-Simple-Modern-Vaccination-Flyer-2-212x300.png 212w, https:\/\/capunipharm.com\/wp-content\/uploads\/2026\/01\/Green-White-Simple-Modern-Vaccination-Flyer-2-768x1086.png 768w, https:\/\/capunipharm.com\/wp-content\/uploads\/2026\/01\/Green-White-Simple-Modern-Vaccination-Flyer-2-1086x1536.png 1086w, https:\/\/capunipharm.com\/wp-content\/uploads\/2026\/01\/Green-White-Simple-Modern-Vaccination-Flyer-2-1448x2048.png 1448w, https:\/\/capunipharm.com\/wp-content\/uploads\/2026\/01\/Green-White-Simple-Modern-Vaccination-Flyer-2.png 1587w\" sizes=\"(max-width: 724px) 100vw, 724px\" \/>\t\t\t\t\t\t\t\t\t\t\t\t\t\t\t<\/div>\n\t\t\t\t<\/div>\n\t\t\t\t<div class=\"elementor-element elementor-element-3101b74 elementor-widget elementor-widget-image\" data-id=\"3101b74\" data-element_type=\"widget\" data-widget_type=\"image.default\">\n\t\t\t\t\t\t\t\t\t\t\t\t\t\t\t<img loading=\"lazy\" decoding=\"async\" width=\"452\" height=\"626\" src=\"https:\/\/capunipharm.com\/wp-content\/uploads\/2026\/01\/Nous-vous-soignons-naturellement.png\" class=\"attachment-large size-large wp-image-963\" alt=\"\" srcset=\"https:\/\/capunipharm.com\/wp-content\/uploads\/2026\/01\/Nous-vous-soignons-naturellement.png 452w, https:\/\/capunipharm.com\/wp-content\/uploads\/2026\/01\/Nous-vous-soignons-naturellement-217x300.png 217w\" sizes=\"(max-width: 452px) 100vw, 452px\" \/>\t\t\t\t\t\t\t\t\t\t\t\t\t\t\t<\/div>\n\t\t\t\t<div class=\"elementor-element elementor-element-fc2a202 elementor-widget elementor-widget-image\" data-id=\"fc2a202\" data-element_type=\"widget\" data-widget_type=\"image.default\">\n\t\t\t\t\t\t\t\t\t\t\t\t\t\t\t<img loading=\"lazy\" decoding=\"async\" width=\"1024\" height=\"345\" src=\"https:\/\/capunipharm.com\/wp-content\/uploads\/2025\/11\/Wordpress-Base-Line-1-1024x345.png\" class=\"attachment-large size-large wp-image-679\" alt=\"\" srcset=\"https:\/\/capunipharm.com\/wp-content\/uploads\/2025\/11\/Wordpress-Base-Line-1-1024x345.png 1024w, https:\/\/capunipharm.com\/wp-content\/uploads\/2025\/11\/Wordpress-Base-Line-1-300x101.png 300w, https:\/\/capunipharm.com\/wp-content\/uploads\/2025\/11\/Wordpress-Base-Line-1-768x258.png 768w, https:\/\/capunipharm.com\/wp-content\/uploads\/2025\/11\/Wordpress-Base-Line-1-1536x517.png 1536w, https:\/\/capunipharm.com\/wp-content\/uploads\/2025\/11\/Wordpress-Base-Line-1.png 2000w\" sizes=\"(max-width: 1024px) 100vw, 1024px\" \/>\t\t\t\t\t\t\t\t\t\t\t\t\t\t\t<\/div>\n\t\t\t\t\t<\/div>\n\t\t\t\t<\/div>\n\t\t<div class=\"elementor-element elementor-element-e9fcdc8 e-flex e-con-boxed e-con e-parent\" data-id=\"e9fcdc8\" data-element_type=\"container\">\n\t\t\t\t\t<div class=\"e-con-inner\">\n\t\t\t\t\t<\/div>\n\t\t\t\t<\/div>\n\t\t\t\t<\/div>\n\t\t","protected":false},"excerpt":{"rendered":"<p>LE LABEL D&rsquo;EXCELLENCE DE LA PHARMACIE DE PROXIMIT\u00c9 DU SUD-OUEST \u00a0 NOTRE VISION DU MARCH\u00c9 : Avec la mont\u00e9e en puissance de la concurrence du discount et le recul des marges, les nouvelles g\u00e9n\u00e9rations de pharmaciens choisissent de se r\u00e9inventer et de faire aux patients une contre proposition de qualit\u00e9. NOTRE AMBITION : \u00catre la [&hellip;]<\/p>\n","protected":false},"author":1,"featured_media":0,"parent":0,"menu_order":0,"comment_status":"closed","ping_status":"closed","template":"","meta":{"ocean_post_layout":"","ocean_both_sidebars_style":"","ocean_both_sidebars_content_width":0,"ocean_both_sidebars_sidebars_width":0,"ocean_sidebar":"","ocean_second_sidebar":"","ocean_disable_margins":"enable","ocean_add_body_class":"","ocean_shortcode_before_top_bar":"","ocean_shortcode_after_top_bar":"","ocean_shortcode_before_header":"","ocean_shortcode_after_header":"","ocean_has_shortcode":"","ocean_shortcode_after_title":"","ocean_shortcode_before_footer_widgets":"","ocean_shortcode_after_footer_widgets":"","ocean_shortcode_before_footer_bottom":"","ocean_shortcode_after_footer_bottom":"","ocean_display_top_bar":"default","ocean_display_header":"default","ocean_header_style":"","ocean_center_header_left_menu":"","ocean_custom_header_template":"","ocean_custom_logo":0,"ocean_custom_retina_logo":0,"ocean_custom_logo_max_width":0,"ocean_custom_logo_tablet_max_width":0,"ocean_custom_logo_mobile_max_width":0,"ocean_custom_logo_max_height":0,"ocean_custom_logo_tablet_max_height":0,"ocean_custom_logo_mobile_max_height":0,"ocean_header_custom_menu":"","ocean_menu_typo_font_family":"","ocean_menu_typo_font_subset":"","ocean_menu_typo_font_size":0,"ocean_menu_typo_font_size_tablet":0,"ocean_menu_typo_font_size_mobile":0,"ocean_menu_typo_font_size_unit":"px","ocean_menu_typo_font_weight":"","ocean_menu_typo_font_weight_tablet":"","ocean_menu_typo_font_weight_mobile":"","ocean_menu_typo_transform":"","ocean_menu_typo_transform_tablet":"","ocean_menu_typo_transform_mobile":"","ocean_menu_typo_line_height":0,"ocean_menu_typo_line_height_tablet":0,"ocean_menu_typo_line_height_mobile":0,"ocean_menu_typo_line_height_unit":"","ocean_menu_typo_spacing":0,"ocean_menu_typo_spacing_tablet":0,"ocean_menu_typo_spacing_mobile":0,"ocean_menu_typo_spacing_unit":"","ocean_menu_link_color":"","ocean_menu_link_color_hover":"","ocean_menu_link_color_active":"","ocean_menu_link_background":"","ocean_menu_link_hover_background":"","ocean_menu_link_active_background":"","ocean_menu_social_links_bg":"","ocean_menu_social_hover_links_bg":"","ocean_menu_social_links_color":"","ocean_menu_social_hover_links_color":"","ocean_disable_title":"default","ocean_disable_heading":"default","ocean_post_title":"","ocean_post_subheading":"","ocean_post_title_style":"","ocean_post_title_background_color":"","ocean_post_title_background":0,"ocean_post_title_bg_image_position":"","ocean_post_title_bg_image_attachment":"","ocean_post_title_bg_image_repeat":"","ocean_post_title_bg_image_size":"","ocean_post_title_height":0,"ocean_post_title_bg_overlay":0.5,"ocean_post_title_bg_overlay_color":"","ocean_disable_breadcrumbs":"default","ocean_breadcrumbs_color":"","ocean_breadcrumbs_separator_color":"","ocean_breadcrumbs_links_color":"","ocean_breadcrumbs_links_hover_color":"","ocean_display_footer_widgets":"default","ocean_display_footer_bottom":"default","ocean_custom_footer_template":"","footnotes":""},"class_list":["post-824","page","type-page","status-publish","hentry","entry"],"jetpack_sharing_enabled":true,"_links":{"self":[{"href":"https:\/\/capunipharm.com\/index.php?rest_route=\/wp\/v2\/pages\/824","targetHints":{"allow":["GET"]}}],"collection":[{"href":"https:\/\/capunipharm.com\/index.php?rest_route=\/wp\/v2\/pages"}],"about":[{"href":"https:\/\/capunipharm.com\/index.php?rest_route=\/wp\/v2\/types\/page"}],"author":[{"embeddable":true,"href":"https:\/\/capunipharm.com\/index.php?rest_route=\/wp\/v2\/users\/1"}],"replies":[{"embeddable":true,"href":"https:\/\/capunipharm.com\/index.php?rest_route=%2Fwp%2Fv2%2Fcomments&post=824"}],"version-history":[{"count":82,"href":"https:\/\/capunipharm.com\/index.php?rest_route=\/wp\/v2\/pages\/824\/revisions"}],"predecessor-version":[{"id":986,"href":"https:\/\/capunipharm.com\/index.php?rest_route=\/wp\/v2\/pages\/824\/revisions\/986"}],"wp:attachment":[{"href":"https:\/\/capunipharm.com\/index.php?rest_route=%2Fwp%2Fv2%2Fmedia&parent=824"}],"curies":[{"name":"wp","href":"https:\/\/api.w.org\/{rel}","templated":true}]}}